{"id":258,"date":"2018-01-22T10:17:40","date_gmt":"2018-01-22T14:17:40","guid":{"rendered":"http:\/\/laromana.gob.do\/transparencia\/?page_id=258"},"modified":"2024-08-21T10:43:26","modified_gmt":"2024-08-21T14:43:26","slug":"responsable-de-acceso-a-la-informacion","status":"publish","type":"page","link":"https:\/\/alcaldialaromana.gob.do\/transparencia\/responsable-de-acceso-a-la-informacion\/","title":{"rendered":"Responsable de Acceso a la Informaci\u00f3n"},"content":{"rendered":"<h3><span style=\"vertical-align: inherit\"><span style=\"vertical-align: inherit\">Contacto Responsable de Acceso a la Informaci\u00f3n<\/span><\/span><\/h3>\n<p><span style=\"vertical-align: inherit\"><span style=\"vertical-align: inherit\">Licda. Johanna Luis Pe\u00f1a<\/span><\/span><br \/><b><span style=\"vertical-align: inherit\"><span style=\"vertical-align: inherit\">Responsable de Acceso a la Informaci\u00f3n (RAIM)<\/span><\/span><\/b><br \/><span style=\"vertical-align: inherit\"><span style=\"vertical-align: inherit\"> Tel\u00e9fono: 809-550-0134\/809-327-2757<\/span><\/span><br \/><span style=\"vertical-align: inherit\"><span style=\"vertical-align: inherit\">Correo electr\u00f3nico: oaim@alcaldialaromana.gob.do\/ <\/span><\/span><strong><span style=\"vertical-align: inherit\"><span style=\"vertical-align: inherit\">jluis@alcaldialaromana.com.do<\/span><\/span><\/strong><\/p>\n<p class=\"paragraph ng-attr-widget\">\u00a0<\/p>\n\n","protected":false},"excerpt":{"rendered":"Contacto Responsable de Acceso a la Informaci\u00f3n Licda. Johanna Luis Pe\u00f1aResponsable de Acceso a la Informaci\u00f3n (RAIM) Tel\u00e9fono: 809-550-0134\/809-327-2757Correo electr\u00f3nico: oaim@alcaldialaromana.gob.do\/ jluis@alcaldialaromana.com.do \u00a0","protected":false},"author":4,"featured_media":0,"parent":0,"menu_order":0,"comment_status":"closed","ping_status":"closed","template":"","meta":[],"acf":[],"_links":{"self":[{"href":"https:\/\/alcaldialaromana.gob.do\/transparencia\/wp-json\/wp\/v2\/pages\/258"}],"collection":[{"href":"https:\/\/alcaldialaromana.gob.do\/transparencia\/wp-json\/wp\/v2\/pages"}],"about":[{"href":"https:\/\/alcaldialaromana.gob.do\/transparencia\/wp-json\/wp\/v2\/types\/page"}],"author":[{"embeddable":true,"href":"https:\/\/alcaldialaromana.gob.do\/transparencia\/wp-json\/wp\/v2\/users\/4"}],"replies":[{"embeddable":true,"href":"https:\/\/alcaldialaromana.gob.do\/transparencia\/wp-json\/wp\/v2\/comments?post=258"}],"version-history":[{"count":10,"href":"https:\/\/alcaldialaromana.gob.do\/transparencia\/wp-json\/wp\/v2\/pages\/258\/revisions"}],"predecessor-version":[{"id":2561,"href":"https:\/\/alcaldialaromana.gob.do\/transparencia\/wp-json\/wp\/v2\/pages\/258\/revisions\/2561"}],"wp:attachment":[{"href":"https:\/\/alcaldialaromana.gob.do\/transparencia\/wp-json\/wp\/v2\/media?parent=258"}],"curies":[{"name":"wp","href":"https:\/\/api.w.org\/{rel}","templated":true}]}}